{"id":3,"date":"2025-07-29T13:53:14","date_gmt":"2025-07-29T13:53:14","guid":{"rendered":"https:\/\/vendtec.ch\/?page_id=3"},"modified":"2026-02-28T09:13:38","modified_gmt":"2026-02-28T09:13:38","slug":"politique-de-confidentialite","status":"publish","type":"page","link":"https:\/\/vendtec.ch\/fr\/privacy-policy\/","title":{"rendered":"Politique de confidentialit\u00e9"},"content":{"rendered":"<h3>Informations g\u00e9n\u00e9rales<\/h3>\n<p>Vendtec GmbH prend la protection de vos donn\u00e9es personnelles tr\u00e8s au s\u00e9rieux. Nous traitons vos donn\u00e9es personnelles de mani\u00e8re confidentielle et conform\u00e9ment aux dispositions l\u00e9gales en mati\u00e8re de protection des donn\u00e9es et \u00e0 la pr\u00e9sente politique de confidentialit\u00e9.<\/p>\n<p>L'utilisation de notre site web est g\u00e9n\u00e9ralement possible sans fournir de donn\u00e9es personnelles. Dans la mesure o\u00f9 des donn\u00e9es personnelles (par ex. nom, adresse, ou adresses e-mail) sont collect\u00e9es sur nos pages, cela se fait toujours sur une base volontaire dans la mesure du possible.<\/p>\n<h3>Collecte de donn\u00e9es sur notre site web<\/h3>\n<p>Le fournisseur des pages collecte et stocke automatiquement des informations dans des fichiers journaux de serveur, que votre navigateur nous transmet automatiquement. Il s'agit du type et de la version du navigateur, du syst\u00e8me d'exploitation utilis\u00e9, de l'URL de renvoi, du nom d'h\u00f4te de l'ordinateur acc\u00e9dant au site et de l'heure de la requ\u00eate du serveur.<\/p>\n<p>Ces donn\u00e9es ne peuvent pas \u00eatre attribu\u00e9es \u00e0 des personnes sp\u00e9cifiques. Elles ne sont pas combin\u00e9es avec d'autres sources de donn\u00e9es. Nous nous r\u00e9servons le droit de v\u00e9rifier ces donn\u00e9es r\u00e9troactivement si nous avons connaissance d'indications sp\u00e9cifiques d'utilisation ill\u00e9gale.<\/p>\n<h3>Cookies<\/h3>\n<p>Notre site web utilise des cookies. Ce sont de petits fichiers texte que votre navigateur web stocke sur votre appareil. Les cookies nous aident \u00e0 rendre notre offre plus conviviale, plus efficace et plus s\u00fbre.<\/p>\n<h3>Contact<\/h3>\n<p>Si vous avez des questions sur la protection des donn\u00e9es, veuillez nous contacter \u00e0 l'adresse suivante : info@vendtec.ch<\/p>\n<h3>Responsabilit\u00e9<\/h3>\n<p>Vendtec GmbH<br \/>15A, rue des Foss\u00e9s<br \/>6340 Baar<br \/>Suisse<\/p>","protected":false},"excerpt":{"rendered":"<p>General information Vendtec GmbH takes the protection of your personal data very seriously. We treat your personal data confidentially and in accordance with the statutory data protection regulations and this privacy policy. The use of our website is generally possible without providing personal data. Insofar as personal data (e.g. name, address, or email addresses) is [&hellip;]<\/p>\n","protected":false},"author":1,"featured_media":0,"parent":0,"menu_order":0,"comment_status":"closed","ping_status":"closed","template":"","meta":{"footnotes":""},"class_list":["post-3","page","type-page","status-publish","hentry"],"yoast_head":"<!-- This site is optimized with the Yoast SEO plugin v27.3 - https:\/\/yoast.com\/product\/yoast-seo-wordpress\/ -->\n<title>Datenschutzerklaerung | Vendtec Vending Solutions Schweiz<\/title>\n<meta name=\"description\" content=\"Datenschutzerklaerung der Vendtec GmbH. Erfahren Sie, wie wir Ihre personenbezogenen Daten schuetzen und verarbeiten. DSGVO-konform.\" \/>\n<meta name=\"robots\" content=\"index, follow, max-snippet:-1, max-image-preview:large, max-video-preview:-1\" \/>\n<link rel=\"canonical\" href=\"https:\/\/vendtec.ch\/fr\/politique-de-confidentialite\/\" \/>\n<meta property=\"og:locale\" content=\"fr_FR\" \/>\n<meta property=\"og:type\" content=\"article\" \/>\n<meta property=\"og:title\" content=\"Datenschutzerklaerung | Vendtec Vending Solutions Schweiz\" \/>\n<meta property=\"og:description\" content=\"Datenschutzerklaerung der Vendtec GmbH. Erfahren Sie, wie wir Ihre personenbezogenen Daten schuetzen und verarbeiten. DSGVO-konform.\" \/>\n<meta property=\"og:url\" content=\"https:\/\/vendtec.ch\/fr\/politique-de-confidentialite\/\" \/>\n<meta property=\"og:site_name\" content=\"Vendtec\" \/>\n<meta property=\"article:modified_time\" content=\"2026-02-28T09:13:38+00:00\" \/>\n<meta name=\"twitter:card\" content=\"summary_large_image\" \/>\n<meta name=\"twitter:label1\" content=\"Dur\u00e9e de lecture estim\u00e9e\" \/>\n\t<meta name=\"twitter:data1\" content=\"1 minute\" \/>\n<script type=\"application\/ld+json\" class=\"yoast-schema-graph\">{\"@context\":\"https:\\\/\\\/schema.org\",\"@graph\":[{\"@type\":\"WebPage\",\"@id\":\"https:\\\/\\\/vendtec.ch\\\/privacy-policy\\\/\",\"url\":\"https:\\\/\\\/vendtec.ch\\\/privacy-policy\\\/\",\"name\":\"Datenschutzerklaerung | Vendtec Vending Solutions Schweiz\",\"isPartOf\":{\"@id\":\"https:\\\/\\\/vendtec.ch\\\/#website\"},\"datePublished\":\"2025-07-29T13:53:14+00:00\",\"dateModified\":\"2026-02-28T09:13:38+00:00\",\"description\":\"Datenschutzerklaerung der Vendtec GmbH. Erfahren Sie, wie wir Ihre personenbezogenen Daten schuetzen und verarbeiten. DSGVO-konform.\",\"breadcrumb\":{\"@id\":\"https:\\\/\\\/vendtec.ch\\\/privacy-policy\\\/#breadcrumb\"},\"inLanguage\":\"fr-FR\",\"potentialAction\":[{\"@type\":\"ReadAction\",\"target\":[\"https:\\\/\\\/vendtec.ch\\\/privacy-policy\\\/\"]}]},{\"@type\":\"BreadcrumbList\",\"@id\":\"https:\\\/\\\/vendtec.ch\\\/privacy-policy\\\/#breadcrumb\",\"itemListElement\":[{\"@type\":\"ListItem\",\"position\":1,\"name\":\"Home\",\"item\":\"https:\\\/\\\/vendtec.ch\\\/\"},{\"@type\":\"ListItem\",\"position\":2,\"name\":\"Privacy Policy\"}]},{\"@type\":\"WebSite\",\"@id\":\"https:\\\/\\\/vendtec.ch\\\/#website\",\"url\":\"https:\\\/\\\/vendtec.ch\\\/\",\"name\":\"Vendtec\",\"description\":\"Premium Vending Solutions\",\"publisher\":{\"@id\":\"https:\\\/\\\/vendtec.ch\\\/#organization\"},\"potentialAction\":[{\"@type\":\"SearchAction\",\"target\":{\"@type\":\"EntryPoint\",\"urlTemplate\":\"https:\\\/\\\/vendtec.ch\\\/?s={search_term_string}\"},\"query-input\":{\"@type\":\"PropertyValueSpecification\",\"valueRequired\":true,\"valueName\":\"search_term_string\"}}],\"inLanguage\":\"fr-FR\"},{\"@type\":\"Organization\",\"@id\":\"https:\\\/\\\/vendtec.ch\\\/#organization\",\"name\":\"Vendtec\",\"url\":\"https:\\\/\\\/vendtec.ch\\\/\",\"logo\":{\"@type\":\"ImageObject\",\"inLanguage\":\"fr-FR\",\"@id\":\"https:\\\/\\\/vendtec.ch\\\/#\\\/schema\\\/logo\\\/image\\\/\",\"url\":\"https:\\\/\\\/i0.wp.com\\\/vendtec.ch\\\/wp-content\\\/uploads\\\/2025\\\/08\\\/logo_charcoal.png?fit=428%2C113&ssl=1\",\"contentUrl\":\"https:\\\/\\\/i0.wp.com\\\/vendtec.ch\\\/wp-content\\\/uploads\\\/2025\\\/08\\\/logo_charcoal.png?fit=428%2C113&ssl=1\",\"width\":428,\"height\":113,\"caption\":\"Vendtec\"},\"image\":{\"@id\":\"https:\\\/\\\/vendtec.ch\\\/#\\\/schema\\\/logo\\\/image\\\/\"}}]}<\/script>\n<!-- \/ Yoast SEO plugin. -->","yoast_head_json":{"title":"D\u00e9claration de confidentialit\u00e9 | Vendtec Vending Solutions Suisse","description":"D\u00e9claration de protection des donn\u00e9es de Vendtec GmbH. D\u00e9couvrez comment nous prot\u00e9geons et traitons vos donn\u00e9es personnelles. Conforme au RGPD.","robots":{"index":"index","follow":"follow","max-snippet":"max-snippet:-1","max-image-preview":"max-image-preview:large","max-video-preview":"max-video-preview:-1"},"canonical":"https:\/\/vendtec.ch\/fr\/politique-de-confidentialite\/","og_locale":"fr_FR","og_type":"article","og_title":"Datenschutzerklaerung | Vendtec Vending Solutions Schweiz","og_description":"Datenschutzerklaerung der Vendtec GmbH. Erfahren Sie, wie wir Ihre personenbezogenen Daten schuetzen und verarbeiten. DSGVO-konform.","og_url":"https:\/\/vendtec.ch\/fr\/politique-de-confidentialite\/","og_site_name":"Vendtec","article_modified_time":"2026-02-28T09:13:38+00:00","twitter_card":"summary_large_image","twitter_misc":{"Dur\u00e9e de lecture estim\u00e9e":"1 minute"},"schema":{"@context":"https:\/\/schema.org","@graph":[{"@type":"WebPage","@id":"https:\/\/vendtec.ch\/privacy-policy\/","url":"https:\/\/vendtec.ch\/privacy-policy\/","name":"D\u00e9claration de confidentialit\u00e9 | Vendtec Vending Solutions Suisse","isPartOf":{"@id":"https:\/\/vendtec.ch\/#website"},"datePublished":"2025-07-29T13:53:14+00:00","dateModified":"2026-02-28T09:13:38+00:00","description":"D\u00e9claration de protection des donn\u00e9es de Vendtec GmbH. D\u00e9couvrez comment nous prot\u00e9geons et traitons vos donn\u00e9es personnelles. Conforme au RGPD.","breadcrumb":{"@id":"https:\/\/vendtec.ch\/privacy-policy\/#breadcrumb"},"inLanguage":"fr-FR","potentialAction":[{"@type":"ReadAction","target":["https:\/\/vendtec.ch\/privacy-policy\/"]}]},{"@type":"BreadcrumbList","@id":"https:\/\/vendtec.ch\/privacy-policy\/#breadcrumb","itemListElement":[{"@type":"ListItem","position":1,"name":"Home","item":"https:\/\/vendtec.ch\/"},{"@type":"ListItem","position":2,"name":"Privacy Policy"}]},{"@type":"WebSite","@id":"https:\/\/vendtec.ch\/#website","url":"https:\/\/vendtec.ch\/","name":"Vendtec","description":"Solutions de distribution premium","publisher":{"@id":"https:\/\/vendtec.ch\/#organization"},"potentialAction":[{"@type":"SearchAction","target":{"@type":"EntryPoint","urlTemplate":"https:\/\/vendtec.ch\/?s={search_term_string}"},"query-input":{"@type":"PropertyValueSpecification","valueRequired":true,"valueName":"search_term_string"}}],"inLanguage":"fr-FR"},{"@type":"Organization","@id":"https:\/\/vendtec.ch\/#organization","name":"Vendtec","url":"https:\/\/vendtec.ch\/","logo":{"@type":"ImageObject","inLanguage":"fr-FR","@id":"https:\/\/vendtec.ch\/#\/schema\/logo\/image\/","url":"https:\/\/i0.wp.com\/vendtec.ch\/wp-content\/uploads\/2025\/08\/logo_charcoal.png?fit=428%2C113&ssl=1","contentUrl":"https:\/\/i0.wp.com\/vendtec.ch\/wp-content\/uploads\/2025\/08\/logo_charcoal.png?fit=428%2C113&ssl=1","width":428,"height":113,"caption":"Vendtec"},"image":{"@id":"https:\/\/vendtec.ch\/#\/schema\/logo\/image\/"}}]}},"jetpack_sharing_enabled":true,"_links":{"self":[{"href":"https:\/\/vendtec.ch\/fr\/wp-json\/wp\/v2\/pages\/3","targetHints":{"allow":["GET"]}}],"collection":[{"href":"https:\/\/vendtec.ch\/fr\/wp-json\/wp\/v2\/pages"}],"about":[{"href":"https:\/\/vendtec.ch\/fr\/wp-json\/wp\/v2\/types\/page"}],"author":[{"embeddable":true,"href":"https:\/\/vendtec.ch\/fr\/wp-json\/wp\/v2\/users\/1"}],"replies":[{"embeddable":true,"href":"https:\/\/vendtec.ch\/fr\/wp-json\/wp\/v2\/comments?post=3"}],"version-history":[{"count":3,"href":"https:\/\/vendtec.ch\/fr\/wp-json\/wp\/v2\/pages\/3\/revisions"}],"predecessor-version":[{"id":560,"href":"https:\/\/vendtec.ch\/fr\/wp-json\/wp\/v2\/pages\/3\/revisions\/560"}],"wp:attachment":[{"href":"https:\/\/vendtec.ch\/fr\/wp-json\/wp\/v2\/media?parent=3"}],"curies":[{"name":"wp","href":"https:\/\/api.w.org\/{rel}","templated":true}]}}