{"id":536,"date":"2026-02-19T16:14:45","date_gmt":"2026-02-19T16:14:45","guid":{"rendered":"https:\/\/vendtec.ch\/disclaimer\/"},"modified":"2026-02-28T09:08:58","modified_gmt":"2026-02-28T09:08:58","slug":"disclaimer","status":"publish","type":"page","link":"https:\/\/vendtec.ch\/fr\/disclaimer\/","title":{"rendered":"Disclaimer"},"content":{"rendered":"<p>The content on this website has been prepared with the greatest care and diligence. Nevertheless, Vendtec GmbH does not provide any guarantee that such content is complete and up to date.<\/p>\n<h3>Focus on correct content<\/h3>\n<p>Although Vendtec GmbH pays attention to the accuracy of published information with all care and diligence, it does not provide any guarantee that such information is substantively accurate, precise, up to date, reliable, and complete.<\/p>\n<p>Vendtec GmbH expressly reserves the ability to modify or delete content, either in whole or in part, at any time without notice or to temporarily discontinue publication.<\/p>\n<p>Liability claims against Vendtec GmbH are excluded for damages of a tangible or intangible nature that are incurred as a result of accessing or using or not using published information, through misuse of the connection, or through technical disruptions.<\/p>\n<h3>R\u00e9f\u00e9rences et liens<\/h3>\n<p>Les r\u00e9f\u00e9rences et les liens vers des sites Internet tiers ne rel\u00e8vent pas de la responsabilit\u00e9 de Vendtec GmbH. Les utilisateurs acc\u00e8dent \u00e0 de tels sites et les utilisent \u00e0 leurs propres risques. Vendtec GmbH d\u00e9clare express\u00e9ment qu'elle n'a aucune influence sur la conception, le contenu ou les offres des sites li\u00e9s. La tierce partie concern\u00e9e est enti\u00e8rement responsable des informations et des services fournis sur les sites web li\u00e9s. Nous n'assumons aucune responsabilit\u00e9 pour de tels sites web.<\/p>\n<h3>Legal notices<\/h3>\n<p>This website may not be reproduced either in whole or in part. The information contained on the website of Vendtec GmbH is made available to the public. Downloading or copying content, images, photos, or other files does not result in the transfer of any rights whatsoever in or to the content.<\/p>","protected":false},"excerpt":{"rendered":"<p>The content on this website has been prepared with the greatest care and diligence. Nevertheless, Vendtec GmbH does not provide any guarantee that such content is complete and up to date. Focus on correct content Although Vendtec GmbH pays attention to the accuracy of published information with all care and diligence, it does not provide [&hellip;]<\/p>\n","protected":false},"author":1,"featured_media":0,"parent":0,"menu_order":0,"comment_status":"closed","ping_status":"closed","template":"","meta":{"footnotes":""},"class_list":["post-536","page","type-page","status-publish","hentry"],"yoast_head":"<!-- This site is optimized with the Yoast SEO plugin v27.5 - https:\/\/yoast.com\/product\/yoast-seo-wordpress\/ -->\n<title>Haftungsausschluss | Vendtec Vending Solutions Schweiz<\/title>\n<meta name=\"description\" content=\"Haftungsausschluss und rechtliche Hinweise fuer die Nutzung der Vendtec Webseite und Dienstleistungen.\" \/>\n<meta name=\"robots\" content=\"index, follow, max-snippet:-1, max-image-preview:large, max-video-preview:-1\" \/>\n<link rel=\"canonical\" href=\"https:\/\/vendtec.ch\/fr\/disclaimer\/\" \/>\n<meta property=\"og:locale\" content=\"fr_FR\" \/>\n<meta property=\"og:type\" content=\"article\" \/>\n<meta property=\"og:title\" content=\"Haftungsausschluss | Vendtec Vending Solutions Schweiz\" \/>\n<meta property=\"og:description\" content=\"Haftungsausschluss und rechtliche Hinweise fuer die Nutzung der Vendtec Webseite und Dienstleistungen.\" \/>\n<meta property=\"og:url\" content=\"https:\/\/vendtec.ch\/fr\/disclaimer\/\" \/>\n<meta property=\"og:site_name\" content=\"Vendtec\" \/>\n<meta property=\"article:modified_time\" content=\"2026-02-28T09:08:58+00:00\" \/>\n<meta name=\"twitter:card\" content=\"summary_large_image\" \/>\n<meta name=\"twitter:label1\" content=\"Dur\u00e9e de lecture estim\u00e9e\" \/>\n\t<meta name=\"twitter:data1\" content=\"2 minutes\" \/>\n<script type=\"application\/ld+json\" class=\"yoast-schema-graph\">{\"@context\":\"https:\\\/\\\/schema.org\",\"@graph\":[{\"@type\":\"WebPage\",\"@id\":\"https:\\\/\\\/vendtec.ch\\\/disclaimer\\\/\",\"url\":\"https:\\\/\\\/vendtec.ch\\\/disclaimer\\\/\",\"name\":\"Haftungsausschluss | Vendtec Vending Solutions Schweiz\",\"isPartOf\":{\"@id\":\"https:\\\/\\\/vendtec.ch\\\/#website\"},\"datePublished\":\"2026-02-19T16:14:45+00:00\",\"dateModified\":\"2026-02-28T09:08:58+00:00\",\"description\":\"Haftungsausschluss und rechtliche Hinweise fuer die Nutzung der Vendtec Webseite und Dienstleistungen.\",\"breadcrumb\":{\"@id\":\"https:\\\/\\\/vendtec.ch\\\/disclaimer\\\/#breadcrumb\"},\"inLanguage\":\"fr-FR\",\"potentialAction\":[{\"@type\":\"ReadAction\",\"target\":[\"https:\\\/\\\/vendtec.ch\\\/disclaimer\\\/\"]}]},{\"@type\":\"BreadcrumbList\",\"@id\":\"https:\\\/\\\/vendtec.ch\\\/disclaimer\\\/#breadcrumb\",\"itemListElement\":[{\"@type\":\"ListItem\",\"position\":1,\"name\":\"Home\",\"item\":\"https:\\\/\\\/vendtec.ch\\\/\"},{\"@type\":\"ListItem\",\"position\":2,\"name\":\"Disclaimer\"}]},{\"@type\":\"WebSite\",\"@id\":\"https:\\\/\\\/vendtec.ch\\\/#website\",\"url\":\"https:\\\/\\\/vendtec.ch\\\/\",\"name\":\"Vendtec\",\"description\":\"Premium Vending Solutions\",\"publisher\":{\"@id\":\"https:\\\/\\\/vendtec.ch\\\/#organization\"},\"potentialAction\":[{\"@type\":\"SearchAction\",\"target\":{\"@type\":\"EntryPoint\",\"urlTemplate\":\"https:\\\/\\\/vendtec.ch\\\/?s={search_term_string}\"},\"query-input\":{\"@type\":\"PropertyValueSpecification\",\"valueRequired\":true,\"valueName\":\"search_term_string\"}}],\"inLanguage\":\"fr-FR\"},{\"@type\":\"Organization\",\"@id\":\"https:\\\/\\\/vendtec.ch\\\/#organization\",\"name\":\"Vendtec\",\"url\":\"https:\\\/\\\/vendtec.ch\\\/\",\"logo\":{\"@type\":\"ImageObject\",\"inLanguage\":\"fr-FR\",\"@id\":\"https:\\\/\\\/vendtec.ch\\\/#\\\/schema\\\/logo\\\/image\\\/\",\"url\":\"https:\\\/\\\/i0.wp.com\\\/vendtec.ch\\\/wp-content\\\/uploads\\\/2025\\\/08\\\/logo_charcoal.png?fit=428%2C113&ssl=1\",\"contentUrl\":\"https:\\\/\\\/i0.wp.com\\\/vendtec.ch\\\/wp-content\\\/uploads\\\/2025\\\/08\\\/logo_charcoal.png?fit=428%2C113&ssl=1\",\"width\":428,\"height\":113,\"caption\":\"Vendtec\"},\"image\":{\"@id\":\"https:\\\/\\\/vendtec.ch\\\/#\\\/schema\\\/logo\\\/image\\\/\"}}]}<\/script>\n<!-- \/ Yoast SEO plugin. -->","yoast_head_json":{"title":"Haftungsausschluss | Vendtec Vending Solutions Schweiz","description":"Haftungsausschluss und rechtliche Hinweise fuer die Nutzung der Vendtec Webseite und Dienstleistungen.","robots":{"index":"index","follow":"follow","max-snippet":"max-snippet:-1","max-image-preview":"max-image-preview:large","max-video-preview":"max-video-preview:-1"},"canonical":"https:\/\/vendtec.ch\/fr\/disclaimer\/","og_locale":"fr_FR","og_type":"article","og_title":"Haftungsausschluss | Vendtec Vending Solutions Schweiz","og_description":"Haftungsausschluss und rechtliche Hinweise fuer die Nutzung der Vendtec Webseite und Dienstleistungen.","og_url":"https:\/\/vendtec.ch\/fr\/disclaimer\/","og_site_name":"Vendtec","article_modified_time":"2026-02-28T09:08:58+00:00","twitter_card":"summary_large_image","twitter_misc":{"Dur\u00e9e de lecture estim\u00e9e":"2 minutes"},"schema":{"@context":"https:\/\/schema.org","@graph":[{"@type":"WebPage","@id":"https:\/\/vendtec.ch\/disclaimer\/","url":"https:\/\/vendtec.ch\/disclaimer\/","name":"Haftungsausschluss | Vendtec Vending Solutions Schweiz","isPartOf":{"@id":"https:\/\/vendtec.ch\/#website"},"datePublished":"2026-02-19T16:14:45+00:00","dateModified":"2026-02-28T09:08:58+00:00","description":"Haftungsausschluss und rechtliche Hinweise fuer die Nutzung der Vendtec Webseite und Dienstleistungen.","breadcrumb":{"@id":"https:\/\/vendtec.ch\/disclaimer\/#breadcrumb"},"inLanguage":"fr-FR","potentialAction":[{"@type":"ReadAction","target":["https:\/\/vendtec.ch\/disclaimer\/"]}]},{"@type":"BreadcrumbList","@id":"https:\/\/vendtec.ch\/disclaimer\/#breadcrumb","itemListElement":[{"@type":"ListItem","position":1,"name":"Home","item":"https:\/\/vendtec.ch\/"},{"@type":"ListItem","position":2,"name":"Disclaimer"}]},{"@type":"WebSite","@id":"https:\/\/vendtec.ch\/#website","url":"https:\/\/vendtec.ch\/","name":"Vendtec","description":"Solutions de distribution premium","publisher":{"@id":"https:\/\/vendtec.ch\/#organization"},"potentialAction":[{"@type":"SearchAction","target":{"@type":"EntryPoint","urlTemplate":"https:\/\/vendtec.ch\/?s={search_term_string}"},"query-input":{"@type":"PropertyValueSpecification","valueRequired":true,"valueName":"search_term_string"}}],"inLanguage":"fr-FR"},{"@type":"Organization","@id":"https:\/\/vendtec.ch\/#organization","name":"Vendtec","url":"https:\/\/vendtec.ch\/","logo":{"@type":"ImageObject","inLanguage":"fr-FR","@id":"https:\/\/vendtec.ch\/#\/schema\/logo\/image\/","url":"https:\/\/i0.wp.com\/vendtec.ch\/wp-content\/uploads\/2025\/08\/logo_charcoal.png?fit=428%2C113&ssl=1","contentUrl":"https:\/\/i0.wp.com\/vendtec.ch\/wp-content\/uploads\/2025\/08\/logo_charcoal.png?fit=428%2C113&ssl=1","width":428,"height":113,"caption":"Vendtec"},"image":{"@id":"https:\/\/vendtec.ch\/#\/schema\/logo\/image\/"}}]}},"jetpack_sharing_enabled":true,"_links":{"self":[{"href":"https:\/\/vendtec.ch\/fr\/wp-json\/wp\/v2\/pages\/536","targetHints":{"allow":["GET"]}}],"collection":[{"href":"https:\/\/vendtec.ch\/fr\/wp-json\/wp\/v2\/pages"}],"about":[{"href":"https:\/\/vendtec.ch\/fr\/wp-json\/wp\/v2\/types\/page"}],"author":[{"embeddable":true,"href":"https:\/\/vendtec.ch\/fr\/wp-json\/wp\/v2\/users\/1"}],"replies":[{"embeddable":true,"href":"https:\/\/vendtec.ch\/fr\/wp-json\/wp\/v2\/comments?post=536"}],"version-history":[{"count":3,"href":"https:\/\/vendtec.ch\/fr\/wp-json\/wp\/v2\/pages\/536\/revisions"}],"predecessor-version":[{"id":559,"href":"https:\/\/vendtec.ch\/fr\/wp-json\/wp\/v2\/pages\/536\/revisions\/559"}],"wp:attachment":[{"href":"https:\/\/vendtec.ch\/fr\/wp-json\/wp\/v2\/media?parent=536"}],"curies":[{"name":"wp","href":"https:\/\/api.w.org\/{rel}","templated":true}]}}