{"id":537,"date":"2026-02-19T16:15:15","date_gmt":"2026-02-19T16:15:15","guid":{"rendered":"https:\/\/vendtec.ch\/imprint\/"},"modified":"2026-02-28T09:04:28","modified_gmt":"2026-02-28T09:04:28","slug":"impression","status":"publish","type":"page","link":"https:\/\/vendtec.ch\/fr\/imprint\/","title":{"rendered":"Empreinte"},"content":{"rendered":"<div class=\"et_pb_section_0 et_pb_section et_section_regular et_block_section\">\n<div class=\"et_pb_row_0 et_pb_row et_pb_gutters3 et_block_row\">\n<div class=\"et_pb_column_0 et_pb_column et_pb_column_4_4 et-last-child et_block_column et_pb_css_mix_blend_mode_passthrough\">\n<div class=\"et_pb_text_0 et_pb_text et_pb_bg_layout_light et_pb_module\"><div class=\"et_pb_text_inner\"><h3>Responsabilit\u00e9<\/h3>\n<p>Vendtec GmbH<br \/>CHE-390.473.779<br \/>15A, rue des Foss\u00e9s,<br \/>6340, Baar<\/p>\n<p>Courrier \u00e9lectronique : info@vendtec.ch<\/p>\n<h3>R\u00e9f\u00e9rences et liens<\/h3>\n<p>Les r\u00e9f\u00e9rences et les liens vers des sites Internet tiers ne rel\u00e8vent pas de la responsabilit\u00e9 de Vendtec GmbH. Les utilisateurs acc\u00e8dent \u00e0 de tels sites et les utilisent \u00e0 leurs propres risques. Vendtec GmbH d\u00e9clare express\u00e9ment qu'elle n'a aucune influence sur la conception, le contenu ou les offres des sites li\u00e9s. La tierce partie concern\u00e9e est enti\u00e8rement responsable des informations et des services fournis sur les sites web li\u00e9s. Nous n'assumons aucune responsabilit\u00e9 pour de tels sites web.<\/p>\n<h3>Copyright<\/h3>\n<p>Les informations contenues sur le site web de Vendtec GmbH sont mises \u00e0 la disposition du public. Le t\u00e9l\u00e9chargement ou la copie de contenus, d'images, de photos ou d'autres fichiers n'entra\u00eene pas le transfert de droits quels qu'ils soient dans ou sur le contenu.<\/p>\n<p>Vendtec GmbH ou l'entit\u00e9 sp\u00e9cifiquement nomm\u00e9e d\u00e9tient tous les droits d'auteur et autres droits dans et sur le contenu, les images, les photos ou autres fichiers sur le site web de Vendtec GmbH.<\/p>\n<p>Les informations (images, photos ou autres fichiers) de quelque nature que ce soit contenues sur le site ne peuvent \u00eatre reproduites (en tout ou en partie), transmises (\u00e9lectroniquement ou par d'autres moyens), modifi\u00e9es, mises en lien ou utilis\u00e9es \u00e0 des fins publiques ou commerciales qu'avec l'accord pr\u00e9alable \u00e9crit de Vendtec GmbH.<\/p>\n<\/div><\/div>\n<\/div>\n<\/div>\n<\/div>","protected":false},"excerpt":{"rendered":"","protected":false},"author":1,"featured_media":0,"parent":0,"menu_order":0,"comment_status":"closed","ping_status":"closed","template":"","meta":{"footnotes":""},"class_list":["post-537","page","type-page","status-publish","hentry"],"yoast_head":"<!-- This site is optimized with the Yoast SEO plugin v27.3 - https:\/\/yoast.com\/product\/yoast-seo-wordpress\/ -->\n<title>Impressum | Vendtec Vending Solutions Schweiz<\/title>\n<meta name=\"description\" content=\"Impressum und rechtliche Angaben der Vendtec GmbH. Kontaktdaten, Handelsregister und verantwortliche Personen.\" \/>\n<meta name=\"robots\" content=\"index, follow, max-snippet:-1, max-image-preview:large, max-video-preview:-1\" \/>\n<link rel=\"canonical\" href=\"https:\/\/vendtec.ch\/fr\/impression\/\" \/>\n<meta property=\"og:locale\" content=\"fr_FR\" \/>\n<meta property=\"og:type\" content=\"article\" \/>\n<meta property=\"og:title\" content=\"Impressum | Vendtec Vending Solutions Schweiz\" \/>\n<meta property=\"og:description\" content=\"Impressum und rechtliche Angaben der Vendtec GmbH. Kontaktdaten, Handelsregister und verantwortliche Personen.\" \/>\n<meta property=\"og:url\" content=\"https:\/\/vendtec.ch\/fr\/impression\/\" \/>\n<meta property=\"og:site_name\" content=\"Vendtec\" \/>\n<meta property=\"article:modified_time\" content=\"2026-02-28T09:04:28+00:00\" \/>\n<meta name=\"twitter:card\" content=\"summary_large_image\" \/>\n<script type=\"application\/ld+json\" class=\"yoast-schema-graph\">{\"@context\":\"https:\\\/\\\/schema.org\",\"@graph\":[{\"@type\":\"WebPage\",\"@id\":\"https:\\\/\\\/vendtec.ch\\\/imprint\\\/\",\"url\":\"https:\\\/\\\/vendtec.ch\\\/imprint\\\/\",\"name\":\"Impressum | Vendtec Vending Solutions Schweiz\",\"isPartOf\":{\"@id\":\"https:\\\/\\\/vendtec.ch\\\/#website\"},\"datePublished\":\"2026-02-19T16:15:15+00:00\",\"dateModified\":\"2026-02-28T09:04:28+00:00\",\"description\":\"Impressum und rechtliche Angaben der Vendtec GmbH. Kontaktdaten, Handelsregister und verantwortliche Personen.\",\"breadcrumb\":{\"@id\":\"https:\\\/\\\/vendtec.ch\\\/imprint\\\/#breadcrumb\"},\"inLanguage\":\"fr-FR\",\"potentialAction\":[{\"@type\":\"ReadAction\",\"target\":[\"https:\\\/\\\/vendtec.ch\\\/imprint\\\/\"]}]},{\"@type\":\"BreadcrumbList\",\"@id\":\"https:\\\/\\\/vendtec.ch\\\/imprint\\\/#breadcrumb\",\"itemListElement\":[{\"@type\":\"ListItem\",\"position\":1,\"name\":\"Home\",\"item\":\"https:\\\/\\\/vendtec.ch\\\/\"},{\"@type\":\"ListItem\",\"position\":2,\"name\":\"Imprint\"}]},{\"@type\":\"WebSite\",\"@id\":\"https:\\\/\\\/vendtec.ch\\\/#website\",\"url\":\"https:\\\/\\\/vendtec.ch\\\/\",\"name\":\"Vendtec\",\"description\":\"Premium Vending Solutions\",\"publisher\":{\"@id\":\"https:\\\/\\\/vendtec.ch\\\/#organization\"},\"potentialAction\":[{\"@type\":\"SearchAction\",\"target\":{\"@type\":\"EntryPoint\",\"urlTemplate\":\"https:\\\/\\\/vendtec.ch\\\/?s={search_term_string}\"},\"query-input\":{\"@type\":\"PropertyValueSpecification\",\"valueRequired\":true,\"valueName\":\"search_term_string\"}}],\"inLanguage\":\"fr-FR\"},{\"@type\":\"Organization\",\"@id\":\"https:\\\/\\\/vendtec.ch\\\/#organization\",\"name\":\"Vendtec\",\"url\":\"https:\\\/\\\/vendtec.ch\\\/\",\"logo\":{\"@type\":\"ImageObject\",\"inLanguage\":\"fr-FR\",\"@id\":\"https:\\\/\\\/vendtec.ch\\\/#\\\/schema\\\/logo\\\/image\\\/\",\"url\":\"https:\\\/\\\/i0.wp.com\\\/vendtec.ch\\\/wp-content\\\/uploads\\\/2025\\\/08\\\/logo_charcoal.png?fit=428%2C113&ssl=1\",\"contentUrl\":\"https:\\\/\\\/i0.wp.com\\\/vendtec.ch\\\/wp-content\\\/uploads\\\/2025\\\/08\\\/logo_charcoal.png?fit=428%2C113&ssl=1\",\"width\":428,\"height\":113,\"caption\":\"Vendtec\"},\"image\":{\"@id\":\"https:\\\/\\\/vendtec.ch\\\/#\\\/schema\\\/logo\\\/image\\\/\"}}]}<\/script>\n<!-- \/ Yoast SEO plugin. -->","yoast_head_json":{"title":"Mentions l\u00e9gales | Vendtec Vending Solutions Suisse","description":"Mentions l\u00e9gales et informations juridiques de Vendtec GmbH. Coordonn\u00e9es, registre du commerce et personnes responsables.","robots":{"index":"index","follow":"follow","max-snippet":"max-snippet:-1","max-image-preview":"max-image-preview:large","max-video-preview":"max-video-preview:-1"},"canonical":"https:\/\/vendtec.ch\/fr\/impression\/","og_locale":"fr_FR","og_type":"article","og_title":"Impressum | Vendtec Vending Solutions Schweiz","og_description":"Impressum und rechtliche Angaben der Vendtec GmbH. Kontaktdaten, Handelsregister und verantwortliche Personen.","og_url":"https:\/\/vendtec.ch\/fr\/impression\/","og_site_name":"Vendtec","article_modified_time":"2026-02-28T09:04:28+00:00","twitter_card":"summary_large_image","schema":{"@context":"https:\/\/schema.org","@graph":[{"@type":"WebPage","@id":"https:\/\/vendtec.ch\/imprint\/","url":"https:\/\/vendtec.ch\/imprint\/","name":"Mentions l\u00e9gales | Vendtec Vending Solutions Suisse","isPartOf":{"@id":"https:\/\/vendtec.ch\/#website"},"datePublished":"2026-02-19T16:15:15+00:00","dateModified":"2026-02-28T09:04:28+00:00","description":"Mentions l\u00e9gales et informations juridiques de Vendtec GmbH. Coordonn\u00e9es, registre du commerce et personnes responsables.","breadcrumb":{"@id":"https:\/\/vendtec.ch\/imprint\/#breadcrumb"},"inLanguage":"fr-FR","potentialAction":[{"@type":"ReadAction","target":["https:\/\/vendtec.ch\/imprint\/"]}]},{"@type":"BreadcrumbList","@id":"https:\/\/vendtec.ch\/imprint\/#breadcrumb","itemListElement":[{"@type":"ListItem","position":1,"name":"Home","item":"https:\/\/vendtec.ch\/"},{"@type":"ListItem","position":2,"name":"Imprint"}]},{"@type":"WebSite","@id":"https:\/\/vendtec.ch\/#website","url":"https:\/\/vendtec.ch\/","name":"Vendtec","description":"Solutions de distribution premium","publisher":{"@id":"https:\/\/vendtec.ch\/#organization"},"potentialAction":[{"@type":"SearchAction","target":{"@type":"EntryPoint","urlTemplate":"https:\/\/vendtec.ch\/?s={search_term_string}"},"query-input":{"@type":"PropertyValueSpecification","valueRequired":true,"valueName":"search_term_string"}}],"inLanguage":"fr-FR"},{"@type":"Organization","@id":"https:\/\/vendtec.ch\/#organization","name":"Vendtec","url":"https:\/\/vendtec.ch\/","logo":{"@type":"ImageObject","inLanguage":"fr-FR","@id":"https:\/\/vendtec.ch\/#\/schema\/logo\/image\/","url":"https:\/\/i0.wp.com\/vendtec.ch\/wp-content\/uploads\/2025\/08\/logo_charcoal.png?fit=428%2C113&ssl=1","contentUrl":"https:\/\/i0.wp.com\/vendtec.ch\/wp-content\/uploads\/2025\/08\/logo_charcoal.png?fit=428%2C113&ssl=1","width":428,"height":113,"caption":"Vendtec"},"image":{"@id":"https:\/\/vendtec.ch\/#\/schema\/logo\/image\/"}}]}},"jetpack_sharing_enabled":true,"_links":{"self":[{"href":"https:\/\/vendtec.ch\/fr\/wp-json\/wp\/v2\/pages\/537","targetHints":{"allow":["GET"]}}],"collection":[{"href":"https:\/\/vendtec.ch\/fr\/wp-json\/wp\/v2\/pages"}],"about":[{"href":"https:\/\/vendtec.ch\/fr\/wp-json\/wp\/v2\/types\/page"}],"author":[{"embeddable":true,"href":"https:\/\/vendtec.ch\/fr\/wp-json\/wp\/v2\/users\/1"}],"replies":[{"embeddable":true,"href":"https:\/\/vendtec.ch\/fr\/wp-json\/wp\/v2\/comments?post=537"}],"version-history":[{"count":5,"href":"https:\/\/vendtec.ch\/fr\/wp-json\/wp\/v2\/pages\/537\/revisions"}],"predecessor-version":[{"id":558,"href":"https:\/\/vendtec.ch\/fr\/wp-json\/wp\/v2\/pages\/537\/revisions\/558"}],"wp:attachment":[{"href":"https:\/\/vendtec.ch\/fr\/wp-json\/wp\/v2\/media?parent=537"}],"curies":[{"name":"wp","href":"https:\/\/api.w.org\/{rel}","templated":true}]}}