{"id":539,"date":"2026-02-19T16:16:17","date_gmt":"2026-02-19T16:16:17","guid":{"rendered":"https:\/\/vendtec.ch\/terms-conditions\/"},"modified":"2026-02-28T09:11:21","modified_gmt":"2026-02-28T09:11:21","slug":"conditions-generales","status":"publish","type":"page","link":"https:\/\/vendtec.ch\/fr\/terms-conditions\/","title":{"rendered":"Termes et conditions"},"content":{"rendered":"<h3>Port\u00e9e<\/h3>\n<p>Ces conditions g\u00e9n\u00e9rales s'appliquent \u00e0 tous les services et livraisons de Vendtec GmbH, Grabenstrasse 15A, 6340 Baar, Suisse.<\/p>\n<h3>Services<\/h3>\n<p>Vendtec GmbH propose des solutions de machines distributrices pour la vape, le snus et les produits connexes. L'\u00e9tendue des services est d\u00e9termin\u00e9e par le contrat individuel respectif.<\/p>\n<h3>Responsabilit\u00e9<\/h3>\n<p>Vendtec GmbH n'est responsable que des dommages caus\u00e9s intentionnellement ou par n\u00e9gligence grave. La responsabilit\u00e9 pour n\u00e9gligence l\u00e9g\u00e8re est exclue dans la mesure permise par la loi. Toute responsabilit\u00e9 pour des dommages indirects ou cons\u00e9cutifs est exclue.<\/p>\n<h3>Propri\u00e9t\u00e9 intellectuelle<\/h3>\n<p>Tout le contenu de ce site web, y compris les textes, les images, les graphiques et les logos, est la propri\u00e9t\u00e9 de Vendtec GmbH et est prot\u00e9g\u00e9 par la loi sur les droits d'auteur. Toute reproduction, distribution ou utilisation de ce contenu requiert l'accord \u00e9crit pr\u00e9alable de Vendtec GmbH.<\/p>\n<h3>Loi applicable et juridiction<\/h3>\n<p>Le droit suisse s'applique. Le lieu de juridiction est Baar, Canton de Zoug, Suisse.<\/p>\n<h3>Contact<\/h3>\n<p>Vendtec GmbH<br \/>15A, rue des Foss\u00e9s<br \/>6340 Baar<br \/>Courrier \u00e9lectronique : info@vendtec.ch<\/p>","protected":false},"excerpt":{"rendered":"<p>Scope These general terms and conditions apply to all services and deliveries of Vendtec GmbH, Grabenstrasse 15A, 6340 Baar, Switzerland. Services Vendtec GmbH provides vending machine solutions for vape, snus, and related products. The scope of services is determined by the respective individual agreement. Liability Vendtec GmbH shall only be liable for damages caused intentionally [&hellip;]<\/p>\n","protected":false},"author":1,"featured_media":0,"parent":0,"menu_order":0,"comment_status":"closed","ping_status":"closed","template":"","meta":{"footnotes":""},"class_list":["post-539","page","type-page","status-publish","hentry"],"yoast_head":"<!-- This site is optimized with the Yoast SEO plugin v27.3 - https:\/\/yoast.com\/product\/yoast-seo-wordpress\/ -->\n<title>AGB | Allgemeine Geschaeftsbedingungen | Vendtec Schweiz<\/title>\n<meta name=\"description\" content=\"Allgemeine Geschaeftsbedingungen der Vendtec GmbH. Nutzungsbedingungen fuer unsere Vending-Automaten und Online-Dienste in der Schweiz.\" \/>\n<meta name=\"robots\" content=\"index, follow, max-snippet:-1, max-image-preview:large, max-video-preview:-1\" \/>\n<link rel=\"canonical\" href=\"https:\/\/vendtec.ch\/fr\/conditions-generales\/\" \/>\n<meta property=\"og:locale\" content=\"fr_FR\" \/>\n<meta property=\"og:type\" content=\"article\" \/>\n<meta property=\"og:title\" content=\"AGB | Allgemeine Geschaeftsbedingungen | Vendtec Schweiz\" \/>\n<meta property=\"og:description\" content=\"Allgemeine Geschaeftsbedingungen der Vendtec GmbH. Nutzungsbedingungen fuer unsere Vending-Automaten und Online-Dienste in der Schweiz.\" \/>\n<meta property=\"og:url\" content=\"https:\/\/vendtec.ch\/fr\/conditions-generales\/\" \/>\n<meta property=\"og:site_name\" content=\"Vendtec\" \/>\n<meta property=\"article:modified_time\" content=\"2026-02-28T09:11:21+00:00\" \/>\n<meta name=\"twitter:card\" content=\"summary_large_image\" \/>\n<meta name=\"twitter:label1\" content=\"Dur\u00e9e de lecture estim\u00e9e\" \/>\n\t<meta name=\"twitter:data1\" content=\"1 minute\" \/>\n<script type=\"application\/ld+json\" class=\"yoast-schema-graph\">{\"@context\":\"https:\\\/\\\/schema.org\",\"@graph\":[{\"@type\":\"WebPage\",\"@id\":\"https:\\\/\\\/vendtec.ch\\\/terms-conditions\\\/\",\"url\":\"https:\\\/\\\/vendtec.ch\\\/terms-conditions\\\/\",\"name\":\"AGB | Allgemeine Geschaeftsbedingungen | Vendtec Schweiz\",\"isPartOf\":{\"@id\":\"https:\\\/\\\/vendtec.ch\\\/#website\"},\"datePublished\":\"2026-02-19T16:16:17+00:00\",\"dateModified\":\"2026-02-28T09:11:21+00:00\",\"description\":\"Allgemeine Geschaeftsbedingungen der Vendtec GmbH. Nutzungsbedingungen fuer unsere Vending-Automaten und Online-Dienste in der Schweiz.\",\"breadcrumb\":{\"@id\":\"https:\\\/\\\/vendtec.ch\\\/terms-conditions\\\/#breadcrumb\"},\"inLanguage\":\"fr-FR\",\"potentialAction\":[{\"@type\":\"ReadAction\",\"target\":[\"https:\\\/\\\/vendtec.ch\\\/terms-conditions\\\/\"]}]},{\"@type\":\"BreadcrumbList\",\"@id\":\"https:\\\/\\\/vendtec.ch\\\/terms-conditions\\\/#breadcrumb\",\"itemListElement\":[{\"@type\":\"ListItem\",\"position\":1,\"name\":\"Home\",\"item\":\"https:\\\/\\\/vendtec.ch\\\/\"},{\"@type\":\"ListItem\",\"position\":2,\"name\":\"Terms &#038; Conditions\"}]},{\"@type\":\"WebSite\",\"@id\":\"https:\\\/\\\/vendtec.ch\\\/#website\",\"url\":\"https:\\\/\\\/vendtec.ch\\\/\",\"name\":\"Vendtec\",\"description\":\"Premium Vending Solutions\",\"publisher\":{\"@id\":\"https:\\\/\\\/vendtec.ch\\\/#organization\"},\"potentialAction\":[{\"@type\":\"SearchAction\",\"target\":{\"@type\":\"EntryPoint\",\"urlTemplate\":\"https:\\\/\\\/vendtec.ch\\\/?s={search_term_string}\"},\"query-input\":{\"@type\":\"PropertyValueSpecification\",\"valueRequired\":true,\"valueName\":\"search_term_string\"}}],\"inLanguage\":\"fr-FR\"},{\"@type\":\"Organization\",\"@id\":\"https:\\\/\\\/vendtec.ch\\\/#organization\",\"name\":\"Vendtec\",\"url\":\"https:\\\/\\\/vendtec.ch\\\/\",\"logo\":{\"@type\":\"ImageObject\",\"inLanguage\":\"fr-FR\",\"@id\":\"https:\\\/\\\/vendtec.ch\\\/#\\\/schema\\\/logo\\\/image\\\/\",\"url\":\"https:\\\/\\\/i0.wp.com\\\/vendtec.ch\\\/wp-content\\\/uploads\\\/2025\\\/08\\\/logo_charcoal.png?fit=428%2C113&ssl=1\",\"contentUrl\":\"https:\\\/\\\/i0.wp.com\\\/vendtec.ch\\\/wp-content\\\/uploads\\\/2025\\\/08\\\/logo_charcoal.png?fit=428%2C113&ssl=1\",\"width\":428,\"height\":113,\"caption\":\"Vendtec\"},\"image\":{\"@id\":\"https:\\\/\\\/vendtec.ch\\\/#\\\/schema\\\/logo\\\/image\\\/\"}}]}<\/script>\n<!-- \/ Yoast SEO plugin. -->","yoast_head_json":{"title":"CGV | Conditions g\u00e9n\u00e9rales de vente | Vendtec Suisse","description":"Conditions g\u00e9n\u00e9rales de vente de Vendtec GmbH. Conditions d'utilisation de nos distributeurs automatiques et de nos services en ligne en Suisse.","robots":{"index":"index","follow":"follow","max-snippet":"max-snippet:-1","max-image-preview":"max-image-preview:large","max-video-preview":"max-video-preview:-1"},"canonical":"https:\/\/vendtec.ch\/fr\/conditions-generales\/","og_locale":"fr_FR","og_type":"article","og_title":"AGB | Allgemeine Geschaeftsbedingungen | Vendtec Schweiz","og_description":"Allgemeine Geschaeftsbedingungen der Vendtec GmbH. Nutzungsbedingungen fuer unsere Vending-Automaten und Online-Dienste in der Schweiz.","og_url":"https:\/\/vendtec.ch\/fr\/conditions-generales\/","og_site_name":"Vendtec","article_modified_time":"2026-02-28T09:11:21+00:00","twitter_card":"summary_large_image","twitter_misc":{"Dur\u00e9e de lecture estim\u00e9e":"1 minute"},"schema":{"@context":"https:\/\/schema.org","@graph":[{"@type":"WebPage","@id":"https:\/\/vendtec.ch\/terms-conditions\/","url":"https:\/\/vendtec.ch\/terms-conditions\/","name":"CGV | Conditions g\u00e9n\u00e9rales de vente | Vendtec Suisse","isPartOf":{"@id":"https:\/\/vendtec.ch\/#website"},"datePublished":"2026-02-19T16:16:17+00:00","dateModified":"2026-02-28T09:11:21+00:00","description":"Conditions g\u00e9n\u00e9rales de vente de Vendtec GmbH. Conditions d'utilisation de nos distributeurs automatiques et de nos services en ligne en Suisse.","breadcrumb":{"@id":"https:\/\/vendtec.ch\/terms-conditions\/#breadcrumb"},"inLanguage":"fr-FR","potentialAction":[{"@type":"ReadAction","target":["https:\/\/vendtec.ch\/terms-conditions\/"]}]},{"@type":"BreadcrumbList","@id":"https:\/\/vendtec.ch\/terms-conditions\/#breadcrumb","itemListElement":[{"@type":"ListItem","position":1,"name":"Home","item":"https:\/\/vendtec.ch\/"},{"@type":"ListItem","position":2,"name":"Terms &#038; Conditions"}]},{"@type":"WebSite","@id":"https:\/\/vendtec.ch\/#website","url":"https:\/\/vendtec.ch\/","name":"Vendtec","description":"Solutions de distribution premium","publisher":{"@id":"https:\/\/vendtec.ch\/#organization"},"potentialAction":[{"@type":"SearchAction","target":{"@type":"EntryPoint","urlTemplate":"https:\/\/vendtec.ch\/?s={search_term_string}"},"query-input":{"@type":"PropertyValueSpecification","valueRequired":true,"valueName":"search_term_string"}}],"inLanguage":"fr-FR"},{"@type":"Organization","@id":"https:\/\/vendtec.ch\/#organization","name":"Vendtec","url":"https:\/\/vendtec.ch\/","logo":{"@type":"ImageObject","inLanguage":"fr-FR","@id":"https:\/\/vendtec.ch\/#\/schema\/logo\/image\/","url":"https:\/\/i0.wp.com\/vendtec.ch\/wp-content\/uploads\/2025\/08\/logo_charcoal.png?fit=428%2C113&ssl=1","contentUrl":"https:\/\/i0.wp.com\/vendtec.ch\/wp-content\/uploads\/2025\/08\/logo_charcoal.png?fit=428%2C113&ssl=1","width":428,"height":113,"caption":"Vendtec"},"image":{"@id":"https:\/\/vendtec.ch\/#\/schema\/logo\/image\/"}}]}},"jetpack_sharing_enabled":true,"_links":{"self":[{"href":"https:\/\/vendtec.ch\/fr\/wp-json\/wp\/v2\/pages\/539","targetHints":{"allow":["GET"]}}],"collection":[{"href":"https:\/\/vendtec.ch\/fr\/wp-json\/wp\/v2\/pages"}],"about":[{"href":"https:\/\/vendtec.ch\/fr\/wp-json\/wp\/v2\/types\/page"}],"author":[{"embeddable":true,"href":"https:\/\/vendtec.ch\/fr\/wp-json\/wp\/v2\/users\/1"}],"replies":[{"embeddable":true,"href":"https:\/\/vendtec.ch\/fr\/wp-json\/wp\/v2\/comments?post=539"}],"version-history":[{"count":3,"href":"https:\/\/vendtec.ch\/fr\/wp-json\/wp\/v2\/pages\/539\/revisions"}],"predecessor-version":[{"id":561,"href":"https:\/\/vendtec.ch\/fr\/wp-json\/wp\/v2\/pages\/539\/revisions\/561"}],"wp:attachment":[{"href":"https:\/\/vendtec.ch\/fr\/wp-json\/wp\/v2\/media?parent=539"}],"curies":[{"name":"wp","href":"https:\/\/api.w.org\/{rel}","templated":true}]}}