{"id":539,"date":"2026-02-19T16:16:17","date_gmt":"2026-02-19T16:16:17","guid":{"rendered":"https:\/\/vendtec.ch\/terms-conditions\/"},"modified":"2026-02-28T09:11:21","modified_gmt":"2026-02-28T09:11:21","slug":"termini-e-condizioni","status":"publish","type":"page","link":"https:\/\/vendtec.ch\/it\/terms-conditions\/","title":{"rendered":"Termini e condizioni"},"content":{"rendered":"<h3>Ambito di applicazione<\/h3>\n<p>Le presenti condizioni generali si applicano a tutti i servizi e le forniture di Vendtec GmbH, Grabenstrasse 15A, 6340 Baar, Svizzera.<\/p>\n<h3>Servizi<\/h3>\n<p>Vendtec GmbH fornisce soluzioni di distributori automatici per lo svapo, il tabacco da fiuto e i prodotti correlati. L'ambito dei servizi \u00e8 determinato dal rispettivo contratto individuale.<\/p>\n<h3>Responsabilit\u00e0<\/h3>\n<p>Vendtec GmbH \u00e8 responsabile solo per i danni causati intenzionalmente o per grave negligenza. La responsabilit\u00e0 per negligenza lieve \u00e8 esclusa nella misura consentita dalla legge. \u00c8 esclusa qualsiasi responsabilit\u00e0 per danni indiretti o conseguenti.<\/p>\n<h3>Propriet\u00e0 intellettuale<\/h3>\n<p>Tutti i contenuti di questo sito web, compresi testi, immagini, grafici e loghi, sono di propriet\u00e0 di Vendtec GmbH e sono protetti dalle leggi sul copyright. Qualsiasi riproduzione, distribuzione o utilizzo di tali contenuti richiede il preventivo consenso scritto di Vendtec GmbH.<\/p>\n<h3>Legge applicabile e giurisdizione<\/h3>\n<p>Si applica il diritto svizzero. Il foro competente \u00e8 Baar, Cantone di Zugo, Svizzera.<\/p>\n<h3>Contatto<\/h3>\n<p>Vendtec GmbH<br \/>Grabenstrasse 15A<br \/>6340 Baar<br \/>Email: info@vendtec.ch<\/p>","protected":false},"excerpt":{"rendered":"<p>Scope These general terms and conditions apply to all services and deliveries of Vendtec GmbH, Grabenstrasse 15A, 6340 Baar, Switzerland. Services Vendtec GmbH provides vending machine solutions for vape, snus, and related products. The scope of services is determined by the respective individual agreement. Liability Vendtec GmbH shall only be liable for damages caused intentionally [&hellip;]<\/p>\n","protected":false},"author":1,"featured_media":0,"parent":0,"menu_order":0,"comment_status":"closed","ping_status":"closed","template":"","meta":{"footnotes":""},"class_list":["post-539","page","type-page","status-publish","hentry"],"yoast_head":"<!-- This site is optimized with the Yoast SEO plugin v27.3 - https:\/\/yoast.com\/product\/yoast-seo-wordpress\/ -->\n<title>AGB | Allgemeine Geschaeftsbedingungen | Vendtec Schweiz<\/title>\n<meta name=\"description\" content=\"Allgemeine Geschaeftsbedingungen der Vendtec GmbH. Nutzungsbedingungen fuer unsere Vending-Automaten und Online-Dienste in der Schweiz.\" \/>\n<meta name=\"robots\" content=\"index, follow, max-snippet:-1, max-image-preview:large, max-video-preview:-1\" \/>\n<link rel=\"canonical\" href=\"https:\/\/vendtec.ch\/it\/termini-e-condizioni\/\" \/>\n<meta property=\"og:locale\" content=\"it_IT\" \/>\n<meta property=\"og:type\" content=\"article\" \/>\n<meta property=\"og:title\" content=\"AGB | Allgemeine Geschaeftsbedingungen | Vendtec Schweiz\" \/>\n<meta property=\"og:description\" content=\"Allgemeine Geschaeftsbedingungen der Vendtec GmbH. Nutzungsbedingungen fuer unsere Vending-Automaten und Online-Dienste in der Schweiz.\" \/>\n<meta property=\"og:url\" content=\"https:\/\/vendtec.ch\/it\/termini-e-condizioni\/\" \/>\n<meta property=\"og:site_name\" content=\"Vendtec\" \/>\n<meta property=\"article:modified_time\" content=\"2026-02-28T09:11:21+00:00\" \/>\n<meta name=\"twitter:card\" content=\"summary_large_image\" \/>\n<meta name=\"twitter:label1\" content=\"Tempo di lettura stimato\" \/>\n\t<meta name=\"twitter:data1\" content=\"1 minuto\" \/>\n<script type=\"application\/ld+json\" class=\"yoast-schema-graph\">{\"@context\":\"https:\\\/\\\/schema.org\",\"@graph\":[{\"@type\":\"WebPage\",\"@id\":\"https:\\\/\\\/vendtec.ch\\\/terms-conditions\\\/\",\"url\":\"https:\\\/\\\/vendtec.ch\\\/terms-conditions\\\/\",\"name\":\"AGB | Allgemeine Geschaeftsbedingungen | Vendtec Schweiz\",\"isPartOf\":{\"@id\":\"https:\\\/\\\/vendtec.ch\\\/#website\"},\"datePublished\":\"2026-02-19T16:16:17+00:00\",\"dateModified\":\"2026-02-28T09:11:21+00:00\",\"description\":\"Allgemeine Geschaeftsbedingungen der Vendtec GmbH. Nutzungsbedingungen fuer unsere Vending-Automaten und Online-Dienste in der Schweiz.\",\"breadcrumb\":{\"@id\":\"https:\\\/\\\/vendtec.ch\\\/terms-conditions\\\/#breadcrumb\"},\"inLanguage\":\"it-IT\",\"potentialAction\":[{\"@type\":\"ReadAction\",\"target\":[\"https:\\\/\\\/vendtec.ch\\\/terms-conditions\\\/\"]}]},{\"@type\":\"BreadcrumbList\",\"@id\":\"https:\\\/\\\/vendtec.ch\\\/terms-conditions\\\/#breadcrumb\",\"itemListElement\":[{\"@type\":\"ListItem\",\"position\":1,\"name\":\"Home\",\"item\":\"https:\\\/\\\/vendtec.ch\\\/\"},{\"@type\":\"ListItem\",\"position\":2,\"name\":\"Terms &#038; Conditions\"}]},{\"@type\":\"WebSite\",\"@id\":\"https:\\\/\\\/vendtec.ch\\\/#website\",\"url\":\"https:\\\/\\\/vendtec.ch\\\/\",\"name\":\"Vendtec\",\"description\":\"Premium Vending Solutions\",\"publisher\":{\"@id\":\"https:\\\/\\\/vendtec.ch\\\/#organization\"},\"potentialAction\":[{\"@type\":\"SearchAction\",\"target\":{\"@type\":\"EntryPoint\",\"urlTemplate\":\"https:\\\/\\\/vendtec.ch\\\/?s={search_term_string}\"},\"query-input\":{\"@type\":\"PropertyValueSpecification\",\"valueRequired\":true,\"valueName\":\"search_term_string\"}}],\"inLanguage\":\"it-IT\"},{\"@type\":\"Organization\",\"@id\":\"https:\\\/\\\/vendtec.ch\\\/#organization\",\"name\":\"Vendtec\",\"url\":\"https:\\\/\\\/vendtec.ch\\\/\",\"logo\":{\"@type\":\"ImageObject\",\"inLanguage\":\"it-IT\",\"@id\":\"https:\\\/\\\/vendtec.ch\\\/#\\\/schema\\\/logo\\\/image\\\/\",\"url\":\"https:\\\/\\\/i0.wp.com\\\/vendtec.ch\\\/wp-content\\\/uploads\\\/2025\\\/08\\\/logo_charcoal.png?fit=428%2C113&ssl=1\",\"contentUrl\":\"https:\\\/\\\/i0.wp.com\\\/vendtec.ch\\\/wp-content\\\/uploads\\\/2025\\\/08\\\/logo_charcoal.png?fit=428%2C113&ssl=1\",\"width\":428,\"height\":113,\"caption\":\"Vendtec\"},\"image\":{\"@id\":\"https:\\\/\\\/vendtec.ch\\\/#\\\/schema\\\/logo\\\/image\\\/\"}}]}<\/script>\n<!-- \/ Yoast SEO plugin. -->","yoast_head_json":{"title":"AGB | Condizioni generali di contratto | Vendtec Svizzera","description":"Condizioni generali di Vendtec GmbH. Condizioni di utilizzo dei nostri distributori automatici e dei servizi online in Svizzera.","robots":{"index":"index","follow":"follow","max-snippet":"max-snippet:-1","max-image-preview":"max-image-preview:large","max-video-preview":"max-video-preview:-1"},"canonical":"https:\/\/vendtec.ch\/it\/termini-e-condizioni\/","og_locale":"it_IT","og_type":"article","og_title":"AGB | Allgemeine Geschaeftsbedingungen | Vendtec Schweiz","og_description":"Allgemeine Geschaeftsbedingungen der Vendtec GmbH. Nutzungsbedingungen fuer unsere Vending-Automaten und Online-Dienste in der Schweiz.","og_url":"https:\/\/vendtec.ch\/it\/termini-e-condizioni\/","og_site_name":"Vendtec","article_modified_time":"2026-02-28T09:11:21+00:00","twitter_card":"summary_large_image","twitter_misc":{"Tempo di lettura stimato":"1 minuto"},"schema":{"@context":"https:\/\/schema.org","@graph":[{"@type":"WebPage","@id":"https:\/\/vendtec.ch\/terms-conditions\/","url":"https:\/\/vendtec.ch\/terms-conditions\/","name":"AGB | Condizioni generali di contratto | Vendtec Svizzera","isPartOf":{"@id":"https:\/\/vendtec.ch\/#website"},"datePublished":"2026-02-19T16:16:17+00:00","dateModified":"2026-02-28T09:11:21+00:00","description":"Condizioni generali di Vendtec GmbH. Condizioni di utilizzo dei nostri distributori automatici e dei servizi online in Svizzera.","breadcrumb":{"@id":"https:\/\/vendtec.ch\/terms-conditions\/#breadcrumb"},"inLanguage":"it-IT","potentialAction":[{"@type":"ReadAction","target":["https:\/\/vendtec.ch\/terms-conditions\/"]}]},{"@type":"BreadcrumbList","@id":"https:\/\/vendtec.ch\/terms-conditions\/#breadcrumb","itemListElement":[{"@type":"ListItem","position":1,"name":"Home","item":"https:\/\/vendtec.ch\/"},{"@type":"ListItem","position":2,"name":"Terms &#038; Conditions"}]},{"@type":"WebSite","@id":"https:\/\/vendtec.ch\/#website","url":"https:\/\/vendtec.ch\/","name":"Vendtec","description":"Soluzioni Premium per il Vending","publisher":{"@id":"https:\/\/vendtec.ch\/#organization"},"potentialAction":[{"@type":"SearchAction","target":{"@type":"EntryPoint","urlTemplate":"https:\/\/vendtec.ch\/?s={search_term_string}"},"query-input":{"@type":"PropertyValueSpecification","valueRequired":true,"valueName":"search_term_string"}}],"inLanguage":"it-IT"},{"@type":"Organization","@id":"https:\/\/vendtec.ch\/#organization","name":"Vendtec","url":"https:\/\/vendtec.ch\/","logo":{"@type":"ImageObject","inLanguage":"it-IT","@id":"https:\/\/vendtec.ch\/#\/schema\/logo\/image\/","url":"https:\/\/i0.wp.com\/vendtec.ch\/wp-content\/uploads\/2025\/08\/logo_charcoal.png?fit=428%2C113&ssl=1","contentUrl":"https:\/\/i0.wp.com\/vendtec.ch\/wp-content\/uploads\/2025\/08\/logo_charcoal.png?fit=428%2C113&ssl=1","width":428,"height":113,"caption":"Vendtec"},"image":{"@id":"https:\/\/vendtec.ch\/#\/schema\/logo\/image\/"}}]}},"jetpack_sharing_enabled":true,"_links":{"self":[{"href":"https:\/\/vendtec.ch\/it\/wp-json\/wp\/v2\/pages\/539","targetHints":{"allow":["GET"]}}],"collection":[{"href":"https:\/\/vendtec.ch\/it\/wp-json\/wp\/v2\/pages"}],"about":[{"href":"https:\/\/vendtec.ch\/it\/wp-json\/wp\/v2\/types\/page"}],"author":[{"embeddable":true,"href":"https:\/\/vendtec.ch\/it\/wp-json\/wp\/v2\/users\/1"}],"replies":[{"embeddable":true,"href":"https:\/\/vendtec.ch\/it\/wp-json\/wp\/v2\/comments?post=539"}],"version-history":[{"count":3,"href":"https:\/\/vendtec.ch\/it\/wp-json\/wp\/v2\/pages\/539\/revisions"}],"predecessor-version":[{"id":561,"href":"https:\/\/vendtec.ch\/it\/wp-json\/wp\/v2\/pages\/539\/revisions\/561"}],"wp:attachment":[{"href":"https:\/\/vendtec.ch\/it\/wp-json\/wp\/v2\/media?parent=539"}],"curies":[{"name":"wp","href":"https:\/\/api.w.org\/{rel}","templated":true}]}}